{"id":181,"date":"2023-04-14T21:19:42","date_gmt":"2023-04-14T21:19:42","guid":{"rendered":"https:\/\/zlegal.rs\/?page_id=181"},"modified":"2023-06-05T19:58:12","modified_gmt":"2023-06-05T19:58:12","slug":"kontakt","status":"publish","type":"page","link":"https:\/\/zlegal.rs\/en\/kontakt\/","title":{"rendered":"Contact"},"content":{"rendered":"<div data-elementor-type=\"wp-page\" data-elementor-id=\"181\" class=\"elementor elementor-181\">\n\t\t\t\t\t\t\t\t\t<section class=\"elementor-section elementor-top-section elementor-element elementor-element-292983c elementor-section-boxed elementor-section-height-default elementor-section-height-default\" data-id=\"292983c\" data-element_type=\"section\" data-settings=\"{&quot;background_background&quot;:&quot;classic&quot;}\">\n\t\t\t\t\t\t\t<div class=\"elementor-background-overlay\"><\/div>\n\t\t\t\t\t\t\t<div class=\"elementor-container elementor-column-gap-default\">\n\t\t\t\t\t<div class=\"elementor-column elementor-col-100 elementor-top-column elementor-element elementor-element-d118356 animated-slow elementor-invisible\" data-id=\"d118356\" data-element_type=\"column\" data-settings=\"{&quot;animation&quot;:&quot;slideInUp&quot;}\">\n\t\t\t<div class=\"elementor-widget-wrap elementor-element-populated\">\n\t\t\t\t\t\t\t\t<div class=\"elementor-element elementor-element-3405ebe elementor-widget elementor-widget-heading\" data-id=\"3405ebe\" data-element_type=\"widget\" id=\"page-title\" data-widget_type=\"heading.default\">\n\t\t\t\t<div class=\"elementor-widget-container\">\n\t\t\t<style>\/*! elementor - v3.15.0 - 02-08-2023 *\/\n.elementor-heading-title{padding:0;margin:0;line-height:1}.elementor-widget-heading .elementor-heading-title[class*=elementor-size-]>a{color:inherit;font-size:inherit;line-height:inherit}.elementor-widget-heading .elementor-heading-title.elementor-size-small{font-size:15px}.elementor-widget-heading .elementor-heading-title.elementor-size-medium{font-size:19px}.elementor-widget-heading .elementor-heading-title.elementor-size-large{font-size:29px}.elementor-widget-heading .elementor-heading-title.elementor-size-xl{font-size:39px}.elementor-widget-heading .elementor-heading-title.elementor-size-xxl{font-size:59px}<\/style><h1 class=\"elementor-heading-title elementor-size-default\">Contact<\/h1>\t\t<\/div>\n\t\t\t\t<\/div>\n\t\t\t\t\t<\/div>\n\t\t<\/div>\n\t\t\t\t\t\t\t<\/div>\n\t\t<\/section>\n\t\t\t\t<section class=\"elementor-section elementor-top-section elementor-element elementor-element-07d1782 elementor-section-boxed elementor-section-height-default elementor-section-height-default\" data-id=\"07d1782\" data-element_type=\"section\">\n\t\t\t\t\t\t<div class=\"elementor-container elementor-column-gap-default\">\n\t\t\t\t\t<div class=\"elementor-column elementor-col-50 elementor-top-column elementor-element elementor-element-67bbd14 elementor-hidden-mobile\" data-id=\"67bbd14\" data-element_type=\"column\">\n\t\t\t<div class=\"elementor-widget-wrap elementor-element-populated\">\n\t\t\t\t\t\t\t\t<div class=\"elementor-element elementor-element-2b26e39 elementor-widget elementor-widget-image\" data-id=\"2b26e39\" data-element_type=\"widget\" data-widget_type=\"image.default\">\n\t\t\t\t<div class=\"elementor-widget-container\">\n\t\t\t<style>\/*! elementor - v3.15.0 - 02-08-2023 *\/\n.elementor-widget-image{text-align:center}.elementor-widget-image a{display:inline-block}.elementor-widget-image a img[src$=\".svg\"]{width:48px}.elementor-widget-image img{vertical-align:middle;display:inline-block}<\/style>\t\t\t\t\t\t\t\t\t\t\t\t<img loading=\"lazy\" decoding=\"async\" width=\"578\" height=\"469\" src=\"https:\/\/zlegal.rs\/wp-content\/uploads\/2023\/04\/Rectangle-25.png\" class=\"attachment-full size-full wp-image-192\" alt=\"\" srcset=\"https:\/\/zlegal.rs\/wp-content\/uploads\/2023\/04\/Rectangle-25.png 578w, https:\/\/zlegal.rs\/wp-content\/uploads\/2023\/04\/Rectangle-25-300x243.png 300w\" sizes=\"auto, (max-width: 578px) 100vw, 578px\" \/>\t\t\t\t\t\t\t\t\t\t\t\t\t\t\t<\/div>\n\t\t\t\t<\/div>\n\t\t\t\t\t<\/div>\n\t\t<\/div>\n\t\t\t\t<div class=\"elementor-column elementor-col-50 elementor-top-column elementor-element elementor-element-586cf3e\" data-id=\"586cf3e\" data-element_type=\"column\">\n\t\t\t<div class=\"elementor-widget-wrap elementor-element-populated\">\n\t\t\t\t\t\t\t\t<div class=\"elementor-element elementor-element-3b75ffa elementor-widget elementor-widget-heading\" data-id=\"3b75ffa\" data-element_type=\"widget\" data-widget_type=\"heading.default\">\n\t\t\t\t<div class=\"elementor-widget-container\">\n\t\t\t<h2 class=\"elementor-heading-title elementor-size-default\">Where you can find us<\/h2>\t\t<\/div>\n\t\t\t\t<\/div>\n\t\t\t\t<div class=\"elementor-element elementor-element-8b40c3e elementor-view-stacked elementor-shape-square elementor-position-left elementor-mobile-position-left elementor-vertical-align-middle elementor-widget elementor-widget-icon-box\" data-id=\"8b40c3e\" data-element_type=\"widget\" data-widget_type=\"icon-box.default\">\n\t\t\t\t<div class=\"elementor-widget-container\">\n\t\t\t<link rel=\"stylesheet\" href=\"https:\/\/zlegal.rs\/wp-content\/plugins\/elementor\/assets\/css\/widget-icon-box.min.css\">\t\t<div class=\"elementor-icon-box-wrapper\">\n\t\t\t\t\t\t<div class=\"elementor-icon-box-icon\">\n\t\t\t\t<span class=\"elementor-icon elementor-animation-\" >\n\t\t\t\t<i aria-hidden=\"true\" class=\"fas fa-map-marked-alt\"><\/i>\t\t\t\t<\/span>\n\t\t\t<\/div>\n\t\t\t\t\t\t<div class=\"elementor-icon-box-content\">\n\t\t\t\t<h3 class=\"elementor-icon-box-title\">\n\t\t\t\t\t<span  >\n\t\t\t\t\t\t\t\t\t\t\t<\/span>\n\t\t\t\t<\/h3>\n\t\t\t\t\t\t\t\t\t<p class=\"elementor-icon-box-description\">\n\t\t\t\t\t\tBalkanska 35, Beograd\t\t\t\t\t<\/p>\n\t\t\t\t\t\t\t<\/div>\n\t\t<\/div>\n\t\t\t\t<\/div>\n\t\t\t\t<\/div>\n\t\t\t\t<div class=\"elementor-element elementor-element-fa1178d elementor-view-stacked elementor-shape-square elementor-position-left elementor-mobile-position-left elementor-vertical-align-middle elementor-widget elementor-widget-icon-box\" data-id=\"fa1178d\" data-element_type=\"widget\" data-widget_type=\"icon-box.default\">\n\t\t\t\t<div class=\"elementor-widget-container\">\n\t\t\t\t\t<div class=\"elementor-icon-box-wrapper\">\n\t\t\t\t\t\t<div class=\"elementor-icon-box-icon\">\n\t\t\t\t<span class=\"elementor-icon elementor-animation-\" >\n\t\t\t\t<i aria-hidden=\"true\" class=\"far fa-envelope\"><\/i>\t\t\t\t<\/span>\n\t\t\t<\/div>\n\t\t\t\t\t\t<div class=\"elementor-icon-box-content\">\n\t\t\t\t<h3 class=\"elementor-icon-box-title\">\n\t\t\t\t\t<span  >\n\t\t\t\t\t\t\t\t\t\t\t<\/span>\n\t\t\t\t<\/h3>\n\t\t\t\t\t\t\t\t\t<p class=\"elementor-icon-box-description\">\n\t\t\t\t\t\t<a href=\"mailto:office@zlegal.rs\">office@zlegal.rs<\/a>\t\t\t\t\t<\/p>\n\t\t\t\t\t\t\t<\/div>\n\t\t<\/div>\n\t\t\t\t<\/div>\n\t\t\t\t<\/div>\n\t\t\t\t<div class=\"elementor-element elementor-element-dded2c8 elementor-view-stacked elementor-shape-square elementor-position-left elementor-mobile-position-left elementor-vertical-align-middle elementor-widget elementor-widget-icon-box\" data-id=\"dded2c8\" data-element_type=\"widget\" data-widget_type=\"icon-box.default\">\n\t\t\t\t<div class=\"elementor-widget-container\">\n\t\t\t\t\t<div class=\"elementor-icon-box-wrapper\">\n\t\t\t\t\t\t<div class=\"elementor-icon-box-icon\">\n\t\t\t\t<span class=\"elementor-icon elementor-animation-\" >\n\t\t\t\t<i aria-hidden=\"true\" class=\"icon icon-phone1\"><\/i>\t\t\t\t<\/span>\n\t\t\t<\/div>\n\t\t\t\t\t\t<div class=\"elementor-icon-box-content\">\n\t\t\t\t<h3 class=\"elementor-icon-box-title\">\n\t\t\t\t\t<span  >\n\t\t\t\t\t\t\t\t\t\t\t<\/span>\n\t\t\t\t<\/h3>\n\t\t\t\t\t\t\t\t\t<p class=\"elementor-icon-box-description\">\n\t\t\t\t\t\t<a href=\"tel: 38162342543\">+381 62 342 543<\/a>\t\t\t\t\t<\/p>\n\t\t\t\t\t\t\t<\/div>\n\t\t<\/div>\n\t\t\t\t<\/div>\n\t\t\t\t<\/div>\n\t\t\t\t\t<\/div>\n\t\t<\/div>\n\t\t\t\t\t\t\t<\/div>\n\t\t<\/section>\n\t\t\t\t<section class=\"elementor-section elementor-top-section elementor-element elementor-element-fc68dce elementor-section-boxed elementor-section-height-default elementor-section-height-default\" data-id=\"fc68dce\" data-element_type=\"section\">\n\t\t\t\t\t\t<div class=\"elementor-container elementor-column-gap-default\">\n\t\t\t\t\t<div class=\"elementor-column elementor-col-100 elementor-top-column elementor-element elementor-element-09051ef\" data-id=\"09051ef\" data-element_type=\"column\">\n\t\t\t<div class=\"elementor-widget-wrap elementor-element-populated\">\n\t\t\t\t\t\t\t\t<div class=\"elementor-element elementor-element-686d131 elementor-widget elementor-widget-google_maps\" data-id=\"686d131\" data-element_type=\"widget\" data-widget_type=\"google_maps.default\">\n\t\t\t\t<div class=\"elementor-widget-container\">\n\t\t\t<style>\/*! elementor - v3.15.0 - 02-08-2023 *\/\n.elementor-widget-google_maps .elementor-widget-container{overflow:hidden}.elementor-widget-google_maps .elementor-custom-embed{line-height:0}.elementor-widget-google_maps iframe{height:300px}<\/style>\t\t<div class=\"elementor-custom-embed\">\n\t\t\t<iframe loading=\"lazy\"\n\t\t\t\t\tsrc=\"https:\/\/maps.google.com\/maps?q=Zdravkovi%C4%87%20Legal%2C%20Balkanska%2035%2C%20Beograd&#038;t=m&#038;z=18&#038;output=embed&#038;iwloc=near\"\n\t\t\t\t\ttitle=\"Zdravkovi\u0107 Legal, Balkanska 35, Beograd\"\n\t\t\t\t\taria-label=\"Zdravkovi\u0107 Legal, Balkanska 35, Beograd\"\n\t\t\t><\/iframe>\n\t\t<\/div>\n\t\t\t\t<\/div>\n\t\t\t\t<\/div>\n\t\t\t\t\t<\/div>\n\t\t<\/div>\n\t\t\t\t\t\t\t<\/div>\n\t\t<\/section>\n\t\t\t\t\t\t\t<\/div>","protected":false},"excerpt":{"rendered":"<p>Kontakt Gde nas mo\u017eete na\u0107i Balkanska 35, Beograd office@zlegal.rs +381 62 342 543<\/p>","protected":false},"author":1,"featured_media":561,"parent":0,"menu_order":0,"comment_status":"closed","ping_status":"closed","template":"elementor_header_footer","meta":{"site-sidebar-layout":"no-sidebar","site-content-layout":"page-builder","ast-global-header-display":"","ast-banner-title-visibility":"","ast-main-header-display":"","ast-hfb-above-header-display":"","ast-hfb-below-header-display":"","ast-hfb-mobile-header-display":"","site-post-title":"disabled","ast-breadcrumbs-content":"","ast-featured-img":"disabled","footer-sml-layout":"","theme-transparent-header-meta":"","adv-header-id-meta":"","stick-header-meta":"","header-above-stick-meta":"","header-main-stick-meta":"","header-below-stick-meta":"","_themeisle_gutenberg_block_has_review":false,"footnotes":""},"class_list":["post-181","page","type-page","status-publish","has-post-thumbnail","hentry"],"yoast_head":"<!-- This site is optimized with the Yoast SEO plugin v20.12 - https:\/\/yoast.com\/wordpress\/plugins\/seo\/ -->\n<title>Kontakt - Zdravkovi\u0107 Legal<\/title>\n<meta name=\"description\" content=\"Kontaktirajte na\u0161u advokatsku kancelariju za stru\u010dan pravni savet i zastupanje. Bilo da se radi o gra\u0111anskim ili poslovnim slu\u010dajevima, mi smo tu da vam pru\u017eimo efikasnu podr\u0161ku. Obezbedite za\u0161titu va\u0161ih prava i ostvarite pravdu. Kontaktirajte nas putem obrasca ili telefona i zakazujte konsultaciju sa na\u0161im stru\u010dnjacima.\" \/>\n<meta name=\"robots\" content=\"index, follow, max-snippet:-1, max-image-preview:large, max-video-preview:-1\" \/>\n<link rel=\"canonical\" href=\"https:\/\/zlegal.rs\/en\/kontakt\/\" \/>\n<meta property=\"og:locale\" content=\"en_US\" \/>\n<meta property=\"og:type\" content=\"article\" \/>\n<meta property=\"og:title\" content=\"Kontakt - Zdravkovi\u0107 Legal\" \/>\n<meta property=\"og:description\" content=\"Kontaktirajte na\u0161u advokatsku kancelariju za stru\u010dan pravni savet i zastupanje. Bilo da se radi o gra\u0111anskim ili poslovnim slu\u010dajevima, mi smo tu da vam pru\u017eimo efikasnu podr\u0161ku. Obezbedite za\u0161titu va\u0161ih prava i ostvarite pravdu. Kontaktirajte nas putem obrasca ili telefona i zakazujte konsultaciju sa na\u0161im stru\u010dnjacima.\" \/>\n<meta property=\"og:url\" content=\"https:\/\/zlegal.rs\/en\/kontakt\/\" \/>\n<meta property=\"article:modified_time\" content=\"2023-06-05T19:58:12+00:00\" \/>\n<meta property=\"og:image\" content=\"https:\/\/zlegal.rs\/wp-content\/uploads\/2023\/06\/Social-media.jpg\" \/>\n\t<meta property=\"og:image:width\" content=\"1200\" \/>\n\t<meta property=\"og:image:height\" content=\"680\" \/>\n\t<meta property=\"og:image:type\" content=\"image\/jpeg\" \/>\n<meta name=\"twitter:card\" content=\"summary_large_image\" \/>\n<meta name=\"twitter:image\" content=\"https:\/\/zlegal.rs\/wp-content\/uploads\/2023\/06\/Social-media.jpg\" \/>\n<meta name=\"twitter:label1\" content=\"Est. reading time\" \/>\n\t<meta name=\"twitter:data1\" content=\"1 minute\" \/>\n<script type=\"application\/ld+json\" class=\"yoast-schema-graph\">{\"@context\":\"https:\/\/schema.org\",\"@graph\":[{\"@type\":\"WebPage\",\"@id\":\"https:\/\/zlegal.rs\/kontakt\/\",\"url\":\"https:\/\/zlegal.rs\/kontakt\/\",\"name\":\"Kontakt - Zdravkovi\u0107 Legal\",\"isPartOf\":{\"@id\":\"https:\/\/zlegal.rs\/#website\"},\"datePublished\":\"2023-04-14T21:19:42+00:00\",\"dateModified\":\"2023-06-05T19:58:12+00:00\",\"description\":\"Kontaktirajte na\u0161u advokatsku kancelariju za stru\u010dan pravni savet i zastupanje. Bilo da se radi o gra\u0111anskim ili poslovnim slu\u010dajevima, mi smo tu da vam pru\u017eimo efikasnu podr\u0161ku. Obezbedite za\u0161titu va\u0161ih prava i ostvarite pravdu. Kontaktirajte nas putem obrasca ili telefona i zakazujte konsultaciju sa na\u0161im stru\u010dnjacima.\",\"breadcrumb\":{\"@id\":\"https:\/\/zlegal.rs\/kontakt\/#breadcrumb\"},\"inLanguage\":\"en-US\",\"potentialAction\":[{\"@type\":\"ReadAction\",\"target\":[\"https:\/\/zlegal.rs\/kontakt\/\"]}]},{\"@type\":\"BreadcrumbList\",\"@id\":\"https:\/\/zlegal.rs\/kontakt\/#breadcrumb\",\"itemListElement\":[{\"@type\":\"ListItem\",\"position\":1,\"name\":\"\u041f\u043e\u0447\u0435\u0442\u043d\u0430\",\"item\":\"https:\/\/zlegal.rs\/\"},{\"@type\":\"ListItem\",\"position\":2,\"name\":\"Kontakt\"}]},{\"@type\":\"WebSite\",\"@id\":\"https:\/\/zlegal.rs\/#website\",\"url\":\"https:\/\/zlegal.rs\/\",\"name\":\"\",\"description\":\"\",\"publisher\":{\"@id\":\"https:\/\/zlegal.rs\/#organization\"},\"potentialAction\":[{\"@type\":\"SearchAction\",\"target\":{\"@type\":\"EntryPoint\",\"urlTemplate\":\"https:\/\/zlegal.rs\/?s={search_term_string}\"},\"query-input\":\"required name=search_term_string\"}],\"inLanguage\":\"en-US\"},{\"@type\":\"Organization\",\"@id\":\"https:\/\/zlegal.rs\/#organization\",\"name\":\"Advokatska Kancelarija Zdravkovi\u0107 Legal\",\"url\":\"https:\/\/zlegal.rs\/\",\"logo\":{\"@type\":\"ImageObject\",\"inLanguage\":\"en-US\",\"@id\":\"https:\/\/zlegal.rs\/#\/schema\/logo\/image\/\",\"url\":\"https:\/\/zlegal.rs\/wp-content\/uploads\/2023\/06\/Social-media.jpg\",\"contentUrl\":\"https:\/\/zlegal.rs\/wp-content\/uploads\/2023\/06\/Social-media.jpg\",\"width\":1200,\"height\":680,\"caption\":\"Advokatska Kancelarija Zdravkovi\u0107 Legal\"},\"image\":{\"@id\":\"https:\/\/zlegal.rs\/#\/schema\/logo\/image\/\"}}]}<\/script>\n<!-- \/ Yoast SEO plugin. -->","yoast_head_json":{"title":"Kontakt - Zdravkovi\u0107 Legal","description":"Kontaktirajte na\u0161u advokatsku kancelariju za stru\u010dan pravni savet i zastupanje. Bilo da se radi o gra\u0111anskim ili poslovnim slu\u010dajevima, mi smo tu da vam pru\u017eimo efikasnu podr\u0161ku. Obezbedite za\u0161titu va\u0161ih prava i ostvarite pravdu. Kontaktirajte nas putem obrasca ili telefona i zakazujte konsultaciju sa na\u0161im stru\u010dnjacima.","robots":{"index":"index","follow":"follow","max-snippet":"max-snippet:-1","max-image-preview":"max-image-preview:large","max-video-preview":"max-video-preview:-1"},"canonical":"https:\/\/zlegal.rs\/en\/kontakt\/","og_locale":"en_US","og_type":"article","og_title":"Kontakt - Zdravkovi\u0107 Legal","og_description":"Kontaktirajte na\u0161u advokatsku kancelariju za stru\u010dan pravni savet i zastupanje. Bilo da se radi o gra\u0111anskim ili poslovnim slu\u010dajevima, mi smo tu da vam pru\u017eimo efikasnu podr\u0161ku. Obezbedite za\u0161titu va\u0161ih prava i ostvarite pravdu. Kontaktirajte nas putem obrasca ili telefona i zakazujte konsultaciju sa na\u0161im stru\u010dnjacima.","og_url":"https:\/\/zlegal.rs\/en\/kontakt\/","article_modified_time":"2023-06-05T19:58:12+00:00","og_image":[{"width":1200,"height":680,"url":"https:\/\/zlegal.rs\/wp-content\/uploads\/2023\/06\/Social-media.jpg","type":"image\/jpeg"}],"twitter_card":"summary_large_image","twitter_image":"https:\/\/zlegal.rs\/wp-content\/uploads\/2023\/06\/Social-media.jpg","twitter_misc":{"Est. reading time":"1 minute"},"schema":{"@context":"https:\/\/schema.org","@graph":[{"@type":"WebPage","@id":"https:\/\/zlegal.rs\/kontakt\/","url":"https:\/\/zlegal.rs\/kontakt\/","name":"Kontakt - Zdravkovi\u0107 Legal","isPartOf":{"@id":"https:\/\/zlegal.rs\/#website"},"datePublished":"2023-04-14T21:19:42+00:00","dateModified":"2023-06-05T19:58:12+00:00","description":"Kontaktirajte na\u0161u advokatsku kancelariju za stru\u010dan pravni savet i zastupanje. Bilo da se radi o gra\u0111anskim ili poslovnim slu\u010dajevima, mi smo tu da vam pru\u017eimo efikasnu podr\u0161ku. Obezbedite za\u0161titu va\u0161ih prava i ostvarite pravdu. Kontaktirajte nas putem obrasca ili telefona i zakazujte konsultaciju sa na\u0161im stru\u010dnjacima.","breadcrumb":{"@id":"https:\/\/zlegal.rs\/kontakt\/#breadcrumb"},"inLanguage":"en-US","potentialAction":[{"@type":"ReadAction","target":["https:\/\/zlegal.rs\/kontakt\/"]}]},{"@type":"BreadcrumbList","@id":"https:\/\/zlegal.rs\/kontakt\/#breadcrumb","itemListElement":[{"@type":"ListItem","position":1,"name":"\u041f\u043e\u0447\u0435\u0442\u043d\u0430","item":"https:\/\/zlegal.rs\/"},{"@type":"ListItem","position":2,"name":"Kontakt"}]},{"@type":"WebSite","@id":"https:\/\/zlegal.rs\/#website","url":"https:\/\/zlegal.rs\/","name":"","description":"","publisher":{"@id":"https:\/\/zlegal.rs\/#organization"},"potentialAction":[{"@type":"SearchAction","target":{"@type":"EntryPoint","urlTemplate":"https:\/\/zlegal.rs\/?s={search_term_string}"},"query-input":"required name=search_term_string"}],"inLanguage":"en-US"},{"@type":"Organization","@id":"https:\/\/zlegal.rs\/#organization","name":"Advokatska Kancelarija Zdravkovi\u0107 Legal","url":"https:\/\/zlegal.rs\/","logo":{"@type":"ImageObject","inLanguage":"en-US","@id":"https:\/\/zlegal.rs\/#\/schema\/logo\/image\/","url":"https:\/\/zlegal.rs\/wp-content\/uploads\/2023\/06\/Social-media.jpg","contentUrl":"https:\/\/zlegal.rs\/wp-content\/uploads\/2023\/06\/Social-media.jpg","width":1200,"height":680,"caption":"Advokatska Kancelarija Zdravkovi\u0107 Legal"},"image":{"@id":"https:\/\/zlegal.rs\/#\/schema\/logo\/image\/"}}]}},"_links":{"self":[{"href":"https:\/\/zlegal.rs\/en\/wp-json\/wp\/v2\/pages\/181","targetHints":{"allow":["GET"]}}],"collection":[{"href":"https:\/\/zlegal.rs\/en\/wp-json\/wp\/v2\/pages"}],"about":[{"href":"https:\/\/zlegal.rs\/en\/wp-json\/wp\/v2\/types\/page"}],"author":[{"embeddable":true,"href":"https:\/\/zlegal.rs\/en\/wp-json\/wp\/v2\/users\/1"}],"replies":[{"embeddable":true,"href":"https:\/\/zlegal.rs\/en\/wp-json\/wp\/v2\/comments?post=181"}],"version-history":[{"count":47,"href":"https:\/\/zlegal.rs\/en\/wp-json\/wp\/v2\/pages\/181\/revisions"}],"predecessor-version":[{"id":544,"href":"https:\/\/zlegal.rs\/en\/wp-json\/wp\/v2\/pages\/181\/revisions\/544"}],"wp:featuredmedia":[{"embeddable":true,"href":"https:\/\/zlegal.rs\/en\/wp-json\/wp\/v2\/media\/561"}],"wp:attachment":[{"href":"https:\/\/zlegal.rs\/en\/wp-json\/wp\/v2\/media?parent=181"}],"curies":[{"name":"wp","href":"https:\/\/api.w.org\/{rel}","templated":true}]}}